{"id":119216,"date":"2023-03-16T09:38:51","date_gmt":"2023-03-16T09:38:51","guid":{"rendered":"https:\/\/www.purplepeppercatering.com\/events\/"},"modified":"2023-06-15T14:03:34","modified_gmt":"2023-06-15T13:03:34","slug":"catering-eventos-marbella","status":"publish","type":"page","link":"https:\/\/www.purplepeppercatering.com\/es\/catering-eventos-marbella\/","title":{"rendered":"Catering para eventos en Marbella"},"content":{"rendered":"<div class=\"wpb-content-wrapper\"><p>[vc_row row_height_percent=\u00bb100&#8243; override_padding=\u00bbyes\u00bb h_padding=\u00bb2&#8243; top_padding=\u00bb5&#8243; bottom_padding=\u00bb5&#8243; back_color=\u00bbcolor-nhtu\u00bb back_image=\u00bb119058&#8243; kburns=\u00bbyes\u00bb overlay_color=\u00bbcolor-nhtu\u00bb overlay_alpha=\u00bb36&#8243; gutter_size=\u00bb3&#8243; column_width_percent=\u00bb100&#8243; shift_y=\u00bb0&#8243; z_index=\u00bb0&#8243; uncode_shortcode_id=\u00bb898545&#8243; back_color_type=\u00bbuncode-palette\u00bb overlay_color_type=\u00bbuncode-palette\u00bb][vc_column column_width_use_pixel=\u00bbyes\u00bb position_vertical=\u00bbmiddle\u00bb align_horizontal=\u00bbalign_center\u00bb gutter_size=\u00bb3&#8243; style=\u00bbdark\u00bb overlay_alpha=\u00bb50&#8243; shift_x=\u00bb0&#8243; shift_y=\u00bb0&#8243; shift_y_down=\u00bb0&#8243; z_index=\u00bb0&#8243; medium_width=\u00bb0&#8243; mobile_width=\u00bb0&#8243; width=\u00bb1\/1&#8243; column_width_pixel=\u00bb800&#8243; uncode_shortcode_id=\u00bb176934&#8243;][vc_custom_heading heading_semantic=\u00bbh1&#8243; text_font=\u00bbfont-339240&#8243; text_size=\u00bbfontsize-338686&#8243; text_weight=\u00bb400&#8243; text_space=\u00bbfontspace-781688&#8243; sub_lead=\u00bbyes\u00bb sub_reduced=\u00bbyes\u00bb css_animation=\u00bbalpha-anim\u00bb animation_speed=\u00bb1000&#8243; animation_delay=\u00bb400&#8243; uncode_shortcode_id=\u00bb874927&#8243;]Todo el equipo y personal de catering que necesitar\u00e1 para su evento[\/vc_custom_heading][vc_custom_heading heading_semantic=\u00bbh1&#8243; text_font=\u00bbfont-339240&#8243; text_size=\u00bbh6&#8243; text_weight=\u00bb300&#8243; text_transform=\u00bbuppercase\u00bb text_space=\u00bbfontspace-210350&#8243; sub_lead=\u00bbyes\u00bb sub_reduced=\u00bbyes\u00bb css_animation=\u00bbalpha-anim\u00bb animation_speed=\u00bb1000&#8243; animation_delay=\u00bb400&#8243; uncode_shortcode_id=\u00bb177887&#8243;]Catering para eventos en Marbella[\/vc_custom_heading][\/vc_column][\/vc_row][vc_row row_height_percent=\u00bb0&#8243; override_padding=\u00bbyes\u00bb h_padding=\u00bb2&#8243; top_padding=\u00bb5&#8243; bottom_padding=\u00bb5&#8243; back_color=\u00bbcolor-xsdn\u00bb overlay_alpha=\u00bb50&#8243; gutter_size=\u00bb3&#8243; column_width_percent=\u00bb100&#8243; shift_y=\u00bb0&#8243; z_index=\u00bb0&#8243; uncode_shortcode_id=\u00bb239680&#8243; back_color_type=\u00bbuncode-palette\u00bb][vc_column column_width_use_pixel=\u00bbyes\u00bb align_horizontal=\u00bbalign_center\u00bb gutter_size=\u00bb3&#8243; font_family=\u00bbfont-165032&#8243; overlay_alpha=\u00bb50&#8243; shift_x=\u00bb0&#8243; shift_y=\u00bb0&#8243; shift_y_down=\u00bb0&#8243; z_index=\u00bb0&#8243; medium_width=\u00bb0&#8243; mobile_width=\u00bb0&#8243; width=\u00bb1\/1&#8243; column_width_pixel=\u00bb760&#8243; uncode_shortcode_id=\u00bb181581&#8243;][vc_custom_heading text_font=\u00bbfont-165032&#8243; text_size=\u00bbh1&#8243; text_weight=\u00bb400&#8243; text_height=\u00bbfontheight-357766&#8243; text_space=\u00bbfontspace-781688&#8243; uncode_shortcode_id=\u00bb166288&#8243;]Tenemos todo cubierto para cada ocasi\u00f3n.[\/vc_custom_heading][vc_column_text text_lead=\u00bbyes\u00bb uncode_shortcode_id=\u00bb258387&#8243;]Contamos con una amplia colecci\u00f3n de equipos y accesorios para mejorar su evento, que incluyen sillas con cojines, una variedad de estilos de mesas para elegir y muebles personalizados seleccionados espec\u00edficamente para su evento. Nuestras mesas est\u00e1n decoradas con hermosos manteles de color crema, cristaler\u00eda, cubiertos, vajilla blanca y servilletas de lino para agregar un toque de elegancia adicional a su evento.<\/p>\n<p>&nbsp;<\/p>\n<p>[\/vc_column_text][\/vc_column][\/vc_row][vc_row unlock_row_content=\u00bbyes\u00bb row_height_percent=\u00bb75&#8243; override_padding=\u00bbyes\u00bb h_padding=\u00bb0&#8243; top_padding=\u00bb0&#8243; bottom_padding=\u00bb0&#8243; back_color=\u00bbcolor-lxmt\u00bb overlay_alpha=\u00bb50&#8243; equal_height=\u00bbyes\u00bb gutter_size=\u00bb0&#8243; column_width_percent=\u00bb100&#8243; shift_y=\u00bb0&#8243; z_index=\u00bb0&#8243; el_class=\u00bboverflow-hidden\u00bb uncode_shortcode_id=\u00bb165712&#8243; back_color_type=\u00bbuncode-palette\u00bb][vc_column column_width_percent=\u00bb100&#8243; position_vertical=\u00bbmiddle\u00bb gutter_size=\u00bb0&#8243; override_padding=\u00bbyes\u00bb column_padding=\u00bb0&#8243; overlay_alpha=\u00bb50&#8243; shift_x=\u00bb0&#8243; shift_y=\u00bb0&#8243; shift_y_down=\u00bb0&#8243; z_index=\u00bb0&#8243; medium_width=\u00bb0&#8243; mobile_width=\u00bb0&#8243; css_animation=\u00bbbottom-t-top\u00bb animation_speed=\u00bb800&#8243; width=\u00bb1\/2&#8243; uncode_shortcode_id=\u00bb181421&#8243;][vc_row_inner row_inner_height_percent=\u00bb60&#8243; back_color=\u00bbcolor-210407&#8243; overlay_alpha=\u00bb50&#8243; equal_height=\u00bbyes\u00bb gutter_size=\u00bb0&#8243; shift_y=\u00bb0&#8243; z_index=\u00bb0&#8243; limit_content=\u00bb\u00bb uncode_shortcode_id=\u00bb598130&#8243; back_color_type=\u00bbuncode-palette\u00bb][vc_column_inner column_width_percent=\u00bb100&#8243; gutter_size=\u00bb3&#8243; back_image=\u00bb119050&#8243; back_position=\u00bbcenter center\u00bb overlay_alpha=\u00bb50&#8243; shift_x=\u00bb0&#8243; shift_y=\u00bb0&#8243; shift_y_down=\u00bb0&#8243; z_index=\u00bb0&#8243; medium_width=\u00bb4&#8243; mobile_width=\u00bb0&#8243; width=\u00bb1\/2&#8243; mobile_height=\u00bb280&#8243; uncode_shortcode_id=\u00bb507581&#8243;][\/vc_column_inner][vc_column_inner column_width_percent=\u00bb100&#8243; position_vertical=\u00bbmiddle\u00bb gutter_size=\u00bb2&#8243; override_padding=\u00bbyes\u00bb column_padding=\u00bb2&#8243; style=\u00bbdark\u00bb font_family=\u00bbfont-165032&#8243; overlay_alpha=\u00bb50&#8243; shift_x=\u00bb0&#8243; shift_y=\u00bb0&#8243; shift_y_down=\u00bb0&#8243; z_index=\u00bb0&#8243; medium_width=\u00bb4&#8243; align_mobile=\u00bbalign_center_mobile\u00bb mobile_width=\u00bb0&#8243; width=\u00bb1\/2&#8243; uncode_shortcode_id=\u00bb917215&#8243;][vc_custom_heading text_font=\u00bbfont-339240&#8243; text_weight=\u00bb400&#8243; text_height=\u00bbfontheight-357766&#8243; text_space=\u00bbfontspace-781688&#8243; uncode_shortcode_id=\u00bb207967&#8243;]Personal de servicio[\/vc_custom_heading][vc_column_text text_lead=\u00bbyes\u00bb uncode_shortcode_id=\u00bb117493&#8243;]Tenemos un gran equipo de camareros y bartenders, todos elegantemente vestidos con uniformes blancos y negros, que puede contratar para su evento para garantizar que sus invitados tengan la experiencia m\u00e1s agradable posible.[\/vc_column_text][\/vc_column_inner][\/vc_row_inner][vc_row_inner row_inner_height_percent=\u00bb40&#8243; back_image=\u00bb119362&#8243; overlay_alpha=\u00bb50&#8243; gutter_size=\u00bb3&#8243; shift_y=\u00bb0&#8243; z_index=\u00bb0&#8243; medium_visibility=\u00bbyes\u00bb mobile_visibility=\u00bbyes\u00bb limit_content=\u00bb\u00bb uncode_shortcode_id=\u00bb204870&#8243;][vc_column_inner column_width_percent=\u00bb100&#8243; gutter_size=\u00bb3&#8243; overlay_alpha=\u00bb50&#8243; shift_x=\u00bb0&#8243; shift_y=\u00bb0&#8243; z_index=\u00bb0&#8243; medium_width=\u00bb0&#8243; width=\u00bb1\/1&#8243;][\/vc_column_inner][\/vc_row_inner][\/vc_column][vc_column column_width_percent=\u00bb100&#8243; position_vertical=\u00bbmiddle\u00bb align_horizontal=\u00bbalign_center\u00bb gutter_size=\u00bb0&#8243; overlay_alpha=\u00bb50&#8243; shift_x=\u00bb0&#8243; shift_y=\u00bb0&#8243; shift_y_down=\u00bb0&#8243; z_index=\u00bb0&#8243; medium_width=\u00bb0&#8243; mobile_width=\u00bb0&#8243; css_animation=\u00bbbottom-t-top\u00bb animation_speed=\u00bb800&#8243; animation_delay=\u00bb200&#8243; width=\u00bb1\/2&#8243; uncode_shortcode_id=\u00bb109061&#8243;][vc_row_inner row_inner_height_percent=\u00bb40&#8243; back_image=\u00bb119057&#8243; overlay_alpha=\u00bb50&#8243; gutter_size=\u00bb3&#8243; shift_y=\u00bb0&#8243; z_index=\u00bb0&#8243; limit_content=\u00bb\u00bb uncode_shortcode_id=\u00bb100855&#8243;][vc_column_inner column_width_percent=\u00bb100&#8243; gutter_size=\u00bb3&#8243; overlay_alpha=\u00bb50&#8243; shift_x=\u00bb0&#8243; shift_y=\u00bb0&#8243; z_index=\u00bb0&#8243; medium_width=\u00bb0&#8243; mobile_width=\u00bb0&#8243; width=\u00bb1\/1&#8243; mobile_height=\u00bb280&#8243;][\/vc_column_inner][\/vc_row_inner][vc_row_inner row_inner_height_percent=\u00bb60&#8243; back_color=\u00bbcolor-210407&#8243; overlay_alpha=\u00bb50&#8243; equal_height=\u00bbyes\u00bb gutter_size=\u00bb0&#8243; shift_y=\u00bb0&#8243; z_index=\u00bb0&#8243; limit_content=\u00bb\u00bb uncode_shortcode_id=\u00bb123531&#8243; back_color_type=\u00bbuncode-palette\u00bb][vc_column_inner column_width_percent=\u00bb100&#8243; gutter_size=\u00bb3&#8243; back_image=\u00bb119035&#8243; back_position=\u00bbcenter center\u00bb overlay_alpha=\u00bb50&#8243; shift_x=\u00bb0&#8243; shift_y=\u00bb0&#8243; shift_y_down=\u00bb0&#8243; z_index=\u00bb0&#8243; medium_width=\u00bb4&#8243; mobile_width=\u00bb0&#8243; width=\u00bb1\/2&#8243; mobile_height=\u00bb280&#8243; uncode_shortcode_id=\u00bb907443&#8243;][\/vc_column_inner][vc_column_inner column_width_percent=\u00bb100&#8243; position_vertical=\u00bbmiddle\u00bb gutter_size=\u00bb2&#8243; override_padding=\u00bbyes\u00bb column_padding=\u00bb2&#8243; style=\u00bbdark\u00bb font_family=\u00bbfont-165032&#8243; overlay_alpha=\u00bb50&#8243; shift_x=\u00bb0&#8243; shift_y=\u00bb0&#8243; shift_y_down=\u00bb0&#8243; z_index=\u00bb0&#8243; medium_width=\u00bb4&#8243; align_mobile=\u00bbalign_center_mobile\u00bb mobile_width=\u00bb0&#8243; width=\u00bb1\/2&#8243; uncode_shortcode_id=\u00bb187058&#8243;][vc_custom_heading text_font=\u00bbfont-339240&#8243; text_weight=\u00bb400&#8243; text_height=\u00bbfontheight-357766&#8243; text_space=\u00bbfontspace-781688&#8243; uncode_shortcode_id=\u00bb315969&#8243;]Paquete de Cocteler\u00eda[\/vc_custom_heading][vc_column_text text_lead=\u00bbyes\u00bb uncode_shortcode_id=\u00bb191884&#8243;]Adem\u00e1s, ofrecemos un servicio completo de bar de c\u00f3cteles que implica la configuraci\u00f3n de un bar completamente equipado en su evento, completo con vasos de c\u00f3ctel y un barman experto para mantener entretenidos y satisfechos a sus invitados.[\/vc_column_text][\/vc_column_inner][\/vc_row_inner][\/vc_column][\/vc_row][vc_row row_height_percent=\u00bb0&#8243; override_padding=\u00bbyes\u00bb h_padding=\u00bb2&#8243; top_padding=\u00bb5&#8243; bottom_padding=\u00bb5&#8243; back_color=\u00bbcolor-xsdn\u00bb overlay_alpha=\u00bb50&#8243; gutter_size=\u00bb3&#8243; column_width_percent=\u00bb100&#8243; shift_y=\u00bb0&#8243; z_index=\u00bb0&#8243; uncode_shortcode_id=\u00bb239680&#8243; back_color_type=\u00bbuncode-palette\u00bb][vc_column column_width_use_pixel=\u00bbyes\u00bb align_horizontal=\u00bbalign_center\u00bb gutter_size=\u00bb3&#8243; font_family=\u00bbfont-165032&#8243; overlay_alpha=\u00bb50&#8243; shift_x=\u00bb0&#8243; shift_y=\u00bb0&#8243; shift_y_down=\u00bb0&#8243; z_index=\u00bb0&#8243; medium_width=\u00bb0&#8243; mobile_width=\u00bb0&#8243; width=\u00bb1\/1&#8243; column_width_pixel=\u00bb760&#8243; uncode_shortcode_id=\u00bb181581&#8243;][vc_custom_heading heading_semantic=\u00bbh3&#8243; text_font=\u00bbfont-165032&#8243; text_weight=\u00bb400&#8243; text_height=\u00bbfontheight-357766&#8243; text_space=\u00bbfontspace-781688&#8243; uncode_shortcode_id=\u00bb176369&#8243;]\u00bbContratamos a Purple Pepper para la recepci\u00f3n de mi boda y fueron fant\u00e1sticos. La comida estaba deliciosa y hermosamente presentada. \u00a1Los recomiendo y espero trabajar juntos nuevamente!\u00bb[\/vc_custom_heading][vc_column_text text_lead=\u00bbyes\u00bb uncode_shortcode_id=\u00bb196639&#8243;]Alexa Smith[\/vc_column_text][\/vc_column][\/vc_row][vc_row][vc_column][vc_column_text]<\/p>\n<div id=\"USE_CHAT_GPT_AI_ROOT\" style=\"display: none; z-index: -1; position: absolute; top: -10000px; left: -10000px; width: 1px; height: 1px; overflow: hidden; opacity: 0; pointer-events: none;\">usechatgpt init success<\/div>\n<p>[\/vc_column_text][\/vc_column][\/vc_row]<\/p>\n<\/div>","protected":false},"excerpt":{"rendered":"<p>[vc_row row_height_percent=\u00bb100&#8243; override_padding=\u00bbyes\u00bb h_padding=\u00bb2&#8243; top_padding=\u00bb5&#8243; bottom_padding=\u00bb5&#8243; back_color=\u00bbcolor-nhtu\u00bb back_image=\u00bb119058&#8243; kburns=\u00bbyes\u00bb overlay_color=\u00bbcolor-nhtu\u00bb overlay_alpha=\u00bb36&#8243; gutter_size=\u00bb3&#8243; column_width_percent=\u00bb100&#8243; shift_y=\u00bb0&#8243; z_index=\u00bb0&#8243; uncode_shortcode_id=\u00bb898545&#8243; back_color_type=\u00bbuncode-palette\u00bb overlay_color_type=\u00bbuncode-palette\u00bb][vc_column column_width_use_pixel=\u00bbyes\u00bb position_vertical=\u00bbmiddle\u00bb [&hellip;]<\/p>\n","protected":false},"author":1,"featured_media":119173,"parent":0,"menu_order":0,"comment_status":"closed","ping_status":"closed","template":"","meta":{"_monsterinsights_skip_tracking":false,"_monsterinsights_sitenote_active":false,"_monsterinsights_sitenote_note":"","_monsterinsights_sitenote_category":0,"footnotes":""},"class_list":["post-119216","page","type-page","status-publish","has-post-thumbnail","hentry","page_category-classic-es"],"yoast_head":"<!-- This site is optimized with the Yoast SEO plugin v27.0 - https:\/\/yoast.com\/product\/yoast-seo-wordpress\/ -->\n<title>Catering para eventos en Marbella - Purple Pepper<\/title>\n<meta name=\"description\" content=\"Servicios completos de Catering para eventos en Marbella. Alquiler de equipo, personal, decoraci\u00f3n de mesas y bares de c\u00f3cteles.\" \/>\n<meta name=\"robots\" content=\"index, follow, max-snippet:-1, max-image-preview:large, max-video-preview:-1\" \/>\n<link rel=\"canonical\" href=\"https:\/\/www.purplepeppercatering.com\/es\/catering-eventos-marbella\/\" \/>\n<meta property=\"og:locale\" content=\"es_ES\" \/>\n<meta property=\"og:type\" content=\"article\" \/>\n<meta property=\"og:title\" content=\"Catering para eventos en Marbella - Purple Pepper\" \/>\n<meta property=\"og:description\" content=\"Servicios completos de Catering para eventos en Marbella. Alquiler de equipo, personal, decoraci\u00f3n de mesas y bares de c\u00f3cteles.\" \/>\n<meta property=\"og:url\" content=\"https:\/\/www.purplepeppercatering.com\/es\/catering-eventos-marbella\/\" \/>\n<meta property=\"og:site_name\" content=\"Purple Pepper\" \/>\n<meta property=\"article:publisher\" content=\"https:\/\/www.facebook.com\/profile.php?id=100063770700802\" \/>\n<meta property=\"article:modified_time\" content=\"2023-06-15T13:03:34+00:00\" \/>\n<meta property=\"og:image\" content=\"https:\/\/www.purplepeppercatering.com\/wp-content\/uploads\/2023\/02\/wedding-catering-marbella-1-6-1024x683.jpg\" \/>\n\t<meta property=\"og:image:width\" content=\"1024\" \/>\n\t<meta property=\"og:image:height\" content=\"683\" \/>\n\t<meta property=\"og:image:type\" content=\"image\/jpeg\" \/>\n<meta name=\"twitter:card\" content=\"summary_large_image\" \/>\n<meta name=\"twitter:label1\" content=\"Tiempo de lectura\" \/>\n\t<meta name=\"twitter:data1\" content=\"3 minutos\" \/>\n<script type=\"application\/ld+json\" class=\"yoast-schema-graph\">{\"@context\":\"https:\/\/schema.org\",\"@graph\":[{\"@type\":\"WebPage\",\"@id\":\"https:\/\/www.purplepeppercatering.com\/es\/catering-eventos-marbella\/\",\"url\":\"https:\/\/www.purplepeppercatering.com\/es\/catering-eventos-marbella\/\",\"name\":\"Catering para eventos en Marbella - Purple Pepper\",\"isPartOf\":{\"@id\":\"https:\/\/www.purplepeppercatering.com\/es\/#website\"},\"primaryImageOfPage\":{\"@id\":\"https:\/\/www.purplepeppercatering.com\/es\/catering-eventos-marbella\/#primaryimage\"},\"image\":{\"@id\":\"https:\/\/www.purplepeppercatering.com\/es\/catering-eventos-marbella\/#primaryimage\"},\"thumbnailUrl\":\"https:\/\/www.purplepeppercatering.com\/wp-content\/uploads\/2023\/02\/wedding-catering-marbella-1-6.jpg\",\"datePublished\":\"2023-03-16T09:38:51+00:00\",\"dateModified\":\"2023-06-15T13:03:34+00:00\",\"description\":\"Servicios completos de Catering para eventos en Marbella. Alquiler de equipo, personal, decoraci\u00f3n de mesas y bares de c\u00f3cteles.\",\"breadcrumb\":{\"@id\":\"https:\/\/www.purplepeppercatering.com\/es\/catering-eventos-marbella\/#breadcrumb\"},\"inLanguage\":\"es\",\"potentialAction\":[{\"@type\":\"ReadAction\",\"target\":[\"https:\/\/www.purplepeppercatering.com\/es\/catering-eventos-marbella\/\"]}]},{\"@type\":\"ImageObject\",\"inLanguage\":\"es\",\"@id\":\"https:\/\/www.purplepeppercatering.com\/es\/catering-eventos-marbella\/#primaryimage\",\"url\":\"https:\/\/www.purplepeppercatering.com\/wp-content\/uploads\/2023\/02\/wedding-catering-marbella-1-6.jpg\",\"contentUrl\":\"https:\/\/www.purplepeppercatering.com\/wp-content\/uploads\/2023\/02\/wedding-catering-marbella-1-6.jpg\",\"width\":1800,\"height\":1200},{\"@type\":\"BreadcrumbList\",\"@id\":\"https:\/\/www.purplepeppercatering.com\/es\/catering-eventos-marbella\/#breadcrumb\",\"itemListElement\":[{\"@type\":\"ListItem\",\"position\":1,\"name\":\"Home\",\"item\":\"https:\/\/www.purplepeppercatering.com\/es\/\"},{\"@type\":\"ListItem\",\"position\":2,\"name\":\"Catering para eventos en Marbella\"}]},{\"@type\":\"WebSite\",\"@id\":\"https:\/\/www.purplepeppercatering.com\/es\/#website\",\"url\":\"https:\/\/www.purplepeppercatering.com\/es\/\",\"name\":\"Purple Pepper Catering\",\"description\":\"Marbella Catering\",\"publisher\":{\"@id\":\"https:\/\/www.purplepeppercatering.com\/es\/#organization\"},\"potentialAction\":[{\"@type\":\"SearchAction\",\"target\":{\"@type\":\"EntryPoint\",\"urlTemplate\":\"https:\/\/www.purplepeppercatering.com\/es\/?s={search_term_string}\"},\"query-input\":{\"@type\":\"PropertyValueSpecification\",\"valueRequired\":true,\"valueName\":\"search_term_string\"}}],\"inLanguage\":\"es\"},{\"@type\":\"Organization\",\"@id\":\"https:\/\/www.purplepeppercatering.com\/es\/#organization\",\"name\":\"Purple Pepper Catering\",\"url\":\"https:\/\/www.purplepeppercatering.com\/es\/\",\"logo\":{\"@type\":\"ImageObject\",\"inLanguage\":\"es\",\"@id\":\"https:\/\/www.purplepeppercatering.com\/es\/#\/schema\/logo\/image\/\",\"url\":\"https:\/\/www.purplepeppercatering.com\/wp-content\/uploads\/2023\/02\/purple-pepper-solid-black-logo.svg\",\"contentUrl\":\"https:\/\/www.purplepeppercatering.com\/wp-content\/uploads\/2023\/02\/purple-pepper-solid-black-logo.svg\",\"width\":1010,\"height\":295,\"caption\":\"Purple Pepper Catering\"},\"image\":{\"@id\":\"https:\/\/www.purplepeppercatering.com\/es\/#\/schema\/logo\/image\/\"},\"sameAs\":[\"https:\/\/www.facebook.com\/profile.php?id=100063770700802\",\"https:\/\/www.instagram.com\/purplepeppercatering7\/\"]}]}<\/script>\n<!-- \/ Yoast SEO plugin. -->","yoast_head_json":{"title":"Catering para eventos en Marbella - Purple Pepper","description":"Servicios completos de Catering para eventos en Marbella. Alquiler de equipo, personal, decoraci\u00f3n de mesas y bares de c\u00f3cteles.","robots":{"index":"index","follow":"follow","max-snippet":"max-snippet:-1","max-image-preview":"max-image-preview:large","max-video-preview":"max-video-preview:-1"},"canonical":"https:\/\/www.purplepeppercatering.com\/es\/catering-eventos-marbella\/","og_locale":"es_ES","og_type":"article","og_title":"Catering para eventos en Marbella - Purple Pepper","og_description":"Servicios completos de Catering para eventos en Marbella. Alquiler de equipo, personal, decoraci\u00f3n de mesas y bares de c\u00f3cteles.","og_url":"https:\/\/www.purplepeppercatering.com\/es\/catering-eventos-marbella\/","og_site_name":"Purple Pepper","article_publisher":"https:\/\/www.facebook.com\/profile.php?id=100063770700802","article_modified_time":"2023-06-15T13:03:34+00:00","og_image":[{"width":1024,"height":683,"url":"https:\/\/www.purplepeppercatering.com\/wp-content\/uploads\/2023\/02\/wedding-catering-marbella-1-6-1024x683.jpg","type":"image\/jpeg"}],"twitter_card":"summary_large_image","twitter_misc":{"Tiempo de lectura":"3 minutos"},"schema":{"@context":"https:\/\/schema.org","@graph":[{"@type":"WebPage","@id":"https:\/\/www.purplepeppercatering.com\/es\/catering-eventos-marbella\/","url":"https:\/\/www.purplepeppercatering.com\/es\/catering-eventos-marbella\/","name":"Catering para eventos en Marbella - Purple Pepper","isPartOf":{"@id":"https:\/\/www.purplepeppercatering.com\/es\/#website"},"primaryImageOfPage":{"@id":"https:\/\/www.purplepeppercatering.com\/es\/catering-eventos-marbella\/#primaryimage"},"image":{"@id":"https:\/\/www.purplepeppercatering.com\/es\/catering-eventos-marbella\/#primaryimage"},"thumbnailUrl":"https:\/\/www.purplepeppercatering.com\/wp-content\/uploads\/2023\/02\/wedding-catering-marbella-1-6.jpg","datePublished":"2023-03-16T09:38:51+00:00","dateModified":"2023-06-15T13:03:34+00:00","description":"Servicios completos de Catering para eventos en Marbella. Alquiler de equipo, personal, decoraci\u00f3n de mesas y bares de c\u00f3cteles.","breadcrumb":{"@id":"https:\/\/www.purplepeppercatering.com\/es\/catering-eventos-marbella\/#breadcrumb"},"inLanguage":"es","potentialAction":[{"@type":"ReadAction","target":["https:\/\/www.purplepeppercatering.com\/es\/catering-eventos-marbella\/"]}]},{"@type":"ImageObject","inLanguage":"es","@id":"https:\/\/www.purplepeppercatering.com\/es\/catering-eventos-marbella\/#primaryimage","url":"https:\/\/www.purplepeppercatering.com\/wp-content\/uploads\/2023\/02\/wedding-catering-marbella-1-6.jpg","contentUrl":"https:\/\/www.purplepeppercatering.com\/wp-content\/uploads\/2023\/02\/wedding-catering-marbella-1-6.jpg","width":1800,"height":1200},{"@type":"BreadcrumbList","@id":"https:\/\/www.purplepeppercatering.com\/es\/catering-eventos-marbella\/#breadcrumb","itemListElement":[{"@type":"ListItem","position":1,"name":"Home","item":"https:\/\/www.purplepeppercatering.com\/es\/"},{"@type":"ListItem","position":2,"name":"Catering para eventos en Marbella"}]},{"@type":"WebSite","@id":"https:\/\/www.purplepeppercatering.com\/es\/#website","url":"https:\/\/www.purplepeppercatering.com\/es\/","name":"Purple Pepper Catering","description":"Marbella Catering","publisher":{"@id":"https:\/\/www.purplepeppercatering.com\/es\/#organization"},"potentialAction":[{"@type":"SearchAction","target":{"@type":"EntryPoint","urlTemplate":"https:\/\/www.purplepeppercatering.com\/es\/?s={search_term_string}"},"query-input":{"@type":"PropertyValueSpecification","valueRequired":true,"valueName":"search_term_string"}}],"inLanguage":"es"},{"@type":"Organization","@id":"https:\/\/www.purplepeppercatering.com\/es\/#organization","name":"Purple Pepper Catering","url":"https:\/\/www.purplepeppercatering.com\/es\/","logo":{"@type":"ImageObject","inLanguage":"es","@id":"https:\/\/www.purplepeppercatering.com\/es\/#\/schema\/logo\/image\/","url":"https:\/\/www.purplepeppercatering.com\/wp-content\/uploads\/2023\/02\/purple-pepper-solid-black-logo.svg","contentUrl":"https:\/\/www.purplepeppercatering.com\/wp-content\/uploads\/2023\/02\/purple-pepper-solid-black-logo.svg","width":1010,"height":295,"caption":"Purple Pepper Catering"},"image":{"@id":"https:\/\/www.purplepeppercatering.com\/es\/#\/schema\/logo\/image\/"},"sameAs":["https:\/\/www.facebook.com\/profile.php?id=100063770700802","https:\/\/www.instagram.com\/purplepeppercatering7\/"]}]}},"_links":{"self":[{"href":"https:\/\/www.purplepeppercatering.com\/es\/wp-json\/wp\/v2\/pages\/119216","targetHints":{"allow":["GET"]}}],"collection":[{"href":"https:\/\/www.purplepeppercatering.com\/es\/wp-json\/wp\/v2\/pages"}],"about":[{"href":"https:\/\/www.purplepeppercatering.com\/es\/wp-json\/wp\/v2\/types\/page"}],"author":[{"embeddable":true,"href":"https:\/\/www.purplepeppercatering.com\/es\/wp-json\/wp\/v2\/users\/1"}],"replies":[{"embeddable":true,"href":"https:\/\/www.purplepeppercatering.com\/es\/wp-json\/wp\/v2\/comments?post=119216"}],"version-history":[{"count":7,"href":"https:\/\/www.purplepeppercatering.com\/es\/wp-json\/wp\/v2\/pages\/119216\/revisions"}],"predecessor-version":[{"id":119437,"href":"https:\/\/www.purplepeppercatering.com\/es\/wp-json\/wp\/v2\/pages\/119216\/revisions\/119437"}],"wp:featuredmedia":[{"embeddable":true,"href":"https:\/\/www.purplepeppercatering.com\/es\/wp-json\/wp\/v2\/media\/119173"}],"wp:attachment":[{"href":"https:\/\/www.purplepeppercatering.com\/es\/wp-json\/wp\/v2\/media?parent=119216"}],"curies":[{"name":"wp","href":"https:\/\/api.w.org\/{rel}","templated":true}]}}